{"id":42372,"date":"2024-06-23T20:09:19","date_gmt":"2024-06-23T18:09:19","guid":{"rendered":"https:\/\/www.tevema.com\/faq-zwroty-i-anulowanie\/"},"modified":"2024-07-03T11:27:52","modified_gmt":"2024-07-03T09:27:52","slug":"faq-zwroty-i-anulowanie","status":"publish","type":"page","link":"https:\/\/www.tevema.com\/pl\/faq-zwroty-i-anulowanie\/","title":{"rendered":"FAQ Zwroty i anulowanie"},"content":{"rendered":"\t\t<div data-elementor-type=\"wp-page\" data-elementor-id=\"42372\" class=\"elementor elementor-42372\" data-elementor-post-type=\"page\">\n\t\t\t\t\t\t<section class=\"elementor-section elementor-top-section elementor-element elementor-element-6a8c97e dwsd-faq elementor-section-boxed elementor-section-height-default elementor-section-height-default wpr-particle-no wpr-jarallax-no wpr-parallax-no wpr-sticky-section-no\" data-id=\"6a8c97e\" data-element_type=\"section\" id=\"dwsd-faq-1\">\n\t\t\t\t\t\t<div class=\"elementor-container elementor-column-gap-default\">\n\t\t\t\t\t<div class=\"elementor-column elementor-col-100 elementor-top-column elementor-element elementor-element-b24dee3\" data-id=\"b24dee3\" data-element_type=\"column\">\n\t\t\t<div class=\"elementor-widget-wrap elementor-element-populated\">\n\t\t\t\t\t\t<div class=\"elementor-element elementor-element-5a6bed1 elementor-widget__width-initial elementor-widget elementor-widget-heading\" data-id=\"5a6bed1\" data-element_type=\"widget\" data-widget_type=\"heading.default\">\n\t\t\t\t<div class=\"elementor-widget-container\">\n\t\t\t\t\t<h2 class=\"elementor-heading-title elementor-size-default\">FAQ Zwroty i anulowanie<\/h2>\t\t\t\t<\/div>\n\t\t\t\t<\/div>\n\t\t\t\t\t<\/div>\n\t\t<\/div>\n\t\t\t\t\t<\/div>\n\t\t<\/section>\n\t\t\t\t<section class=\"elementor-section elementor-top-section elementor-element elementor-element-d34b197 dwsd-faq elementor-section-boxed elementor-section-height-default elementor-section-height-default wpr-particle-no wpr-jarallax-no wpr-parallax-no wpr-sticky-section-no\" data-id=\"d34b197\" data-element_type=\"section\" id=\"dwsd-faq-2\">\n\t\t\t\t\t\t<div class=\"elementor-container elementor-column-gap-default\">\n\t\t\t\t\t<div class=\"elementor-column elementor-col-50 elementor-top-column elementor-element elementor-element-5b6de80 txt-faq\" data-id=\"5b6de80\" data-element_type=\"column\">\n\t\t\t<div class=\"elementor-widget-wrap elementor-element-populated\">\n\t\t\t\t\t\t<div class=\"elementor-element elementor-element-b8925a7 elementor-widget elementor-widget-shortcode\" data-id=\"b8925a7\" data-element_type=\"widget\" id=\"dwsd-faq-container-elementor\" data-widget_type=\"shortcode.default\">\n\t\t\t\t<div class=\"elementor-widget-container\">\n\t\t\t\t\t\t\t<div class=\"elementor-shortcode\">\t\t<div data-elementor-type=\"section\" data-elementor-id=\"42722\" class=\"elementor elementor-42722 elementor-41907\" data-elementor-post-type=\"elementor_library\">\n\t\t\t\t\t<section class=\"elementor-section elementor-top-section elementor-element elementor-element-04b6b99 elementor-section-boxed elementor-section-height-default elementor-section-height-default wpr-particle-no wpr-jarallax-no wpr-parallax-no wpr-sticky-section-no\" data-id=\"04b6b99\" data-element_type=\"section\">\n\t\t\t\t\t\t<div class=\"elementor-container elementor-column-gap-default\">\n\t\t\t\t\t<div class=\"elementor-column elementor-col-100 elementor-top-column elementor-element elementor-element-b884d87\" data-id=\"b884d87\" data-element_type=\"column\">\n\t\t\t<div class=\"elementor-widget-wrap elementor-element-populated\">\n\t\t\t\t\t\t<div class=\"elementor-element elementor-element-69e1eeb elementor-widget elementor-widget-html\" data-id=\"69e1eeb\" data-element_type=\"widget\" id=\"dwsd-faq-container-elementor\" data-widget_type=\"html.default\">\n\t\t\t\t<div class=\"elementor-widget-container\">\n\t\t\t\t\t<link rel=\"stylesheet\" href=\"https:\/\/www.tevema.com\/wp-content\/themes\/dewebdeveloper\/faq\/dwsd-index-style.css\">\n<ul id=\"dwsd-faq-index\">\n  <li><a class=\"dwsd-faq-index-home\" href=\"https:\/\/www.tevema.com\/pl\/faq-strona-glowna\/\"><i class=\"bi bi-house-fill\"><\/i> FAQ Strona g\u0142\u00f3wna<\/a><\/li>\n  <li><a href=\"https:\/\/www.tevema.com\/pl\/faq-leczenie-nastepstw\/\">Obr\u00f3bka powierzchni<\/a> <\/li>\n  <li><a href=\"https:\/\/www.tevema.com\/pl\/faq-sprezyny-naciskowe\/\">Spr\u0119\u017cyny naciskowe<\/a> <\/li>\n  <li><a href=\"https:\/\/www.tevema.com\/pl\/faq-rozwoj-i-zrownowazony-rozwoj\/\">Rozw\u00f3j i zr\u00f3wnowa\u017cony rozw\u00f3j<\/a> <\/li>\n  <li><a href=\"https:\/\/www.tevema.com\/pl\/faq-sprezyny-talerzowe\/\">Spr\u0119\u017cyny talerzowe<\/a> <\/li>\n  <li><a href=\"https:\/\/www.tevema.com\/pl\/faq-sprezyny-plytkowe\/\">Spr\u0119\u017cyny p\u0142ytkowe<\/a> <\/li>\n  <li><a href=\"https:\/\/www.tevema.com\/pl\/faq-moje-dane-i-uslugi\/\">Moje dane i us\u0142ugi<\/a> <\/li>\n  <li><a href=\"https:\/\/www.tevema.com\/pl\/faq-sprezyny-gazowe-azotowe\/\">Spr\u0119\u017cyny gazowe z azotem<\/a> <\/li>\n  <li><a href=\"https:\/\/www.tevema.com\/pl\/faq-zamawianie-i-dostawa\/\">Zamawianie i dostawa<\/a> <\/li>\n  <li><a href=\"https:\/\/www.tevema.com\/pl\/faq-platnosci\/\">P\u0142atno\u015b\u0107<\/a> <\/li>\n  <li><a href=\"https:\/\/www.tevema.com\/pl\/faq-jakosc-i-certyfikaty\/\">Jako\u015b\u0107 i certyfikaty<\/a> <\/li>\n  <li><a href=\"https:\/\/www.tevema.com\/pl\/faq-zwroty-i-anulowanie\/\">Zwroty i anulowanie<\/a> <\/li>\n  <li><a href=\"https:\/\/www.tevema.com\/pl\/faq-sprezyny-do-pieczatek\/\">Spr\u0119\u017cyny stempla<\/a> <\/li>\n  <li><a href=\"https:\/\/www.tevema.com\/pl\/faq-katalog-sprezyn-technicznych\/\">Katalog spr\u0119\u017cyn technicznych<\/a> <\/li>\n  <li><a href=\"https:\/\/www.tevema.com\/pl\/faq-sprezyny-gazowe\/\">Spr\u0119\u017cyny gazowe<\/a> <\/li>\n  <li><a href=\"https:\/\/www.tevema.com\/pl\/faq-sprezyny-naciagowe\/\">Spr\u0119\u017cyny naci\u0105gowe<\/a> <\/li>\n  <li><a href=\"https:\/\/www.tevema.com\/pl\/faq-sprezyny-skretne\/\">Spr\u0119\u017cyny skr\u0119tne<\/a> <\/li>\n<\/ul>\n<script src=\"https:\/\/www.tevema.com\/wp-content\/themes\/dewebdeveloper\/faq\/dwsd-index-navigatie.js\"><\/script>\n\t\t\t\t<\/div>\n\t\t\t\t<\/div>\n\t\t\t\t\t<\/div>\n\t\t<\/div>\n\t\t\t\t\t<\/div>\n\t\t<\/section>\n\t\t\t\t<\/div>\n\t\t\n<\/div>\n\t\t\t\t\t\t<\/div>\n\t\t\t\t<\/div>\n\t\t\t\t\t<\/div>\n\t\t<\/div>\n\t\t\t\t<div class=\"elementor-column elementor-col-50 elementor-top-column elementor-element elementor-element-863b2f5\" data-id=\"863b2f5\" data-element_type=\"column\">\n\t\t\t<div class=\"elementor-widget-wrap elementor-element-populated\">\n\t\t\t\t\t\t<div class=\"elementor-element elementor-element-f74b642 elementor-widget elementor-widget-toggle\" data-id=\"f74b642\" data-element_type=\"widget\" id=\"dwsd-faq-faq-inner\" data-widget_type=\"toggle.default\">\n\t\t\t\t<div class=\"elementor-widget-container\">\n\t\t\t\t\t\t\t<div class=\"elementor-toggle\">\n\t\t\t\t\t\t\t<div class=\"elementor-toggle-item\">\n\t\t\t\t\t<div id=\"elementor-tab-title-2591\" class=\"elementor-tab-title\" data-tab=\"1\" role=\"button\" aria-controls=\"elementor-tab-content-2591\" aria-expanded=\"false\">\n\t\t\t\t\t\t\t\t\t\t\t\t<span class=\"elementor-toggle-icon elementor-toggle-icon-left\" aria-hidden=\"true\">\n\t\t\t\t\t\t\t\t\t\t\t\t\t\t\t<span class=\"elementor-toggle-icon-closed\"><i class=\"fas fa-chevron-down\"><\/i><\/span>\n\t\t\t\t\t\t\t\t<span class=\"elementor-toggle-icon-opened\"><i class=\"elementor-toggle-icon-opened fas fa-chevron-up\"><\/i><\/span>\n\t\t\t\t\t\t\t\t\t\t\t\t\t<\/span>\n\t\t\t\t\t\t\t\t\t\t\t\t<a class=\"elementor-toggle-title\" tabindex=\"0\">Jak mog\u0119 zwr\u00f3ci\u0107 produkty?<\/a>\n\t\t\t\t\t<\/div>\n\n\t\t\t\t\t<div id=\"elementor-tab-content-2591\" class=\"elementor-tab-content elementor-clearfix\" data-tab=\"1\" role=\"region\" aria-labelledby=\"elementor-tab-title-2591\"><p>Okres reklamacji wynosi 10 dni roboczych &#8211; wszelkie zwroty prosimy zawsze zg\u0142asza\u0107 z wyprzedzeniem za po\u015brednictwem naszego dzia\u0142u sprzeda\u017cy.<\/p>\n<p>Dzia\u0142 sprzeda\u017cy zapewnia w\u0142a\u015bciwe zarz\u0105dzanie zwr\u00f3conymi produktami.<\/p>\n<\/div>\n\t\t\t\t<\/div>\n\t\t\t\t\t\t\t\t<\/div>\n\t\t\t\t\t\t<\/div>\n\t\t\t\t<\/div>\n\t\t\t\t\t<\/div>\n\t\t<\/div>\n\t\t\t\t\t<\/div>\n\t\t<\/section>\n\t\t\t\t<\/div>\n\t\t","protected":false},"excerpt":{"rendered":"<p>FAQ Zwroty i anulowanie Jak mog\u0119 zwr\u00f3ci\u0107 produkty? Okres reklamacji wynosi 10 dni roboczych &#8211; wszelkie zwroty prosimy zawsze zg\u0142asza\u0107 z wyprzedzeniem za po\u015brednictwem naszego dzia\u0142u sprzeda\u017cy. Dzia\u0142 sprzeda\u017cy zapewnia w\u0142a\u015bciwe zarz\u0105dzanie zwr\u00f3conymi produktami.<\/p>\n","protected":false},"author":5,"featured_media":0,"parent":0,"menu_order":0,"comment_status":"closed","ping_status":"closed","template":"","meta":{"site-sidebar-layout":"no-sidebar","site-content-layout":"","ast-site-content-layout":"full-width-container","site-content-style":"default","site-sidebar-style":"default","ast-global-header-display":"","ast-banner-title-visibility":"","ast-main-header-display":"","ast-hfb-above-header-display":"","ast-hfb-below-header-display":"","ast-hfb-mobile-header-display":"","site-post-title":"disabled","ast-breadcrumbs-content":"","ast-featured-img":"disabled","footer-sml-layout":"","ast-disable-related-posts":"","theme-transparent-header-meta":"","adv-header-id-meta":"","stick-header-meta":"","header-above-stick-meta":"","header-main-stick-meta":"","header-below-stick-meta":"","astra-migrate-meta-layouts":"default","ast-page-background-enabled":"default","ast-page-background-meta":{"desktop":{"background-color":"var(--ast-global-color-4)","background-image":"","background-repeat":"repeat","background-position":"center center","background-size":"auto","background-attachment":"scroll","background-type":"","background-media":"","overlay-type":"","overlay-color":"","overlay-opacity":"","overlay-gradient":""},"tablet":{"background-color":"","background-image":"","background-repeat":"repeat","background-position":"center center","background-size":"auto","background-attachment":"scroll","background-type":"","background-media":"","overlay-type":"","overlay-color":"","overlay-opacity":"","overlay-gradient":""},"mobile":{"background-color":"","background-image":"","background-repeat":"repeat","background-position":"center center","background-size":"auto","background-attachment":"scroll","background-type":"","background-media":"","overlay-type":"","overlay-color":"","overlay-opacity":"","overlay-gradient":""}},"ast-content-background-meta":{"desktop":{"background-color":"var(--ast-global-color-5)","background-image":"","background-repeat":"repeat","background-position":"center center","background-size":"auto","background-attachment":"scroll","background-type":"","background-media":"","overlay-type":"","overlay-color":"","overlay-opacity":"","overlay-gradient":""},"tablet":{"background-color":"var(--ast-global-color-5)","background-image":"","background-repeat":"repeat","background-position":"center center","background-size":"auto","background-attachment":"scroll","background-type":"","background-media":"","overlay-type":"","overlay-color":"","overlay-opacity":"","overlay-gradient":""},"mobile":{"background-color":"var(--ast-global-color-5)","background-image":"","background-repeat":"repeat","background-position":"center center","background-size":"auto","background-attachment":"scroll","background-type":"","background-media":"","overlay-type":"","overlay-color":"","overlay-opacity":"","overlay-gradient":""}},"footnotes":""},"class_list":["post-42372","page","type-page","status-publish","hentry"],"yoast_head":"<!-- This site is optimized with the Yoast SEO plugin v26.8 - https:\/\/yoast.com\/product\/yoast-seo-wordpress\/ -->\n<title>FAQ Zwroty i anulowanie - Verenfabriek Tevema<\/title>\n<meta name=\"robots\" content=\"index, follow, max-snippet:-1, max-image-preview:large, max-video-preview:-1\" \/>\n<link rel=\"canonical\" href=\"https:\/\/www.tevema.com\/pl\/faq-zwroty-i-anulowanie\/\" \/>\n<meta property=\"og:locale\" content=\"pl_PL\" \/>\n<meta property=\"og:type\" content=\"article\" \/>\n<meta property=\"og:title\" content=\"FAQ Zwroty i anulowanie - Verenfabriek Tevema\" \/>\n<meta property=\"og:description\" content=\"FAQ Zwroty i anulowanie Jak mog\u0119 zwr\u00f3ci\u0107 produkty? Okres reklamacji wynosi 10 dni roboczych &#8211; wszelkie zwroty prosimy zawsze zg\u0142asza\u0107 z wyprzedzeniem za po\u015brednictwem naszego dzia\u0142u sprzeda\u017cy. Dzia\u0142 sprzeda\u017cy zapewnia w\u0142a\u015bciwe zarz\u0105dzanie zwr\u00f3conymi produktami.\" \/>\n<meta property=\"og:url\" content=\"https:\/\/www.tevema.com\/pl\/faq-zwroty-i-anulowanie\/\" \/>\n<meta property=\"og:site_name\" content=\"Verenfabriek Tevema\" \/>\n<meta property=\"article:modified_time\" content=\"2024-07-03T09:27:52+00:00\" \/>\n<meta name=\"twitter:card\" content=\"summary_large_image\" \/>\n<script type=\"application\/ld+json\" class=\"yoast-schema-graph\">{\"@context\":\"https:\/\/schema.org\",\"@graph\":[{\"@type\":\"WebPage\",\"@id\":\"https:\/\/www.tevema.com\/pl\/faq-zwroty-i-anulowanie\/\",\"url\":\"https:\/\/www.tevema.com\/pl\/faq-zwroty-i-anulowanie\/\",\"name\":\"FAQ Zwroty i anulowanie - Verenfabriek Tevema\",\"isPartOf\":{\"@id\":\"https:\/\/www.tevema.com\/pl\/#website\"},\"datePublished\":\"2024-06-23T18:09:19+00:00\",\"dateModified\":\"2024-07-03T09:27:52+00:00\",\"breadcrumb\":{\"@id\":\"https:\/\/www.tevema.com\/pl\/faq-zwroty-i-anulowanie\/#breadcrumb\"},\"inLanguage\":\"pl-PL\",\"potentialAction\":[{\"@type\":\"ReadAction\",\"target\":[\"https:\/\/www.tevema.com\/pl\/faq-zwroty-i-anulowanie\/\"]}]},{\"@type\":\"BreadcrumbList\",\"@id\":\"https:\/\/www.tevema.com\/pl\/faq-zwroty-i-anulowanie\/#breadcrumb\",\"itemListElement\":[{\"@type\":\"ListItem\",\"position\":1,\"name\":\"Home\",\"item\":\"https:\/\/www.tevema.com\/pl\/\"},{\"@type\":\"ListItem\",\"position\":2,\"name\":\"FAQ Zwroty i anulowanie\"}]},{\"@type\":\"WebSite\",\"@id\":\"https:\/\/www.tevema.com\/pl\/#website\",\"url\":\"https:\/\/www.tevema.com\/pl\/\",\"name\":\"Verenfabriek Tevema\",\"description\":\"\",\"potentialAction\":[{\"@type\":\"SearchAction\",\"target\":{\"@type\":\"EntryPoint\",\"urlTemplate\":\"https:\/\/www.tevema.com\/pl\/?s={search_term_string}\"},\"query-input\":{\"@type\":\"PropertyValueSpecification\",\"valueRequired\":true,\"valueName\":\"search_term_string\"}}],\"inLanguage\":\"pl-PL\"}]}<\/script>\n<!-- \/ Yoast SEO plugin. -->","yoast_head_json":{"title":"FAQ Zwroty i anulowanie - Verenfabriek Tevema","robots":{"index":"index","follow":"follow","max-snippet":"max-snippet:-1","max-image-preview":"max-image-preview:large","max-video-preview":"max-video-preview:-1"},"canonical":"https:\/\/www.tevema.com\/pl\/faq-zwroty-i-anulowanie\/","og_locale":"pl_PL","og_type":"article","og_title":"FAQ Zwroty i anulowanie - Verenfabriek Tevema","og_description":"FAQ Zwroty i anulowanie Jak mog\u0119 zwr\u00f3ci\u0107 produkty? Okres reklamacji wynosi 10 dni roboczych &#8211; wszelkie zwroty prosimy zawsze zg\u0142asza\u0107 z wyprzedzeniem za po\u015brednictwem naszego dzia\u0142u sprzeda\u017cy. Dzia\u0142 sprzeda\u017cy zapewnia w\u0142a\u015bciwe zarz\u0105dzanie zwr\u00f3conymi produktami.","og_url":"https:\/\/www.tevema.com\/pl\/faq-zwroty-i-anulowanie\/","og_site_name":"Verenfabriek Tevema","article_modified_time":"2024-07-03T09:27:52+00:00","twitter_card":"summary_large_image","schema":{"@context":"https:\/\/schema.org","@graph":[{"@type":"WebPage","@id":"https:\/\/www.tevema.com\/pl\/faq-zwroty-i-anulowanie\/","url":"https:\/\/www.tevema.com\/pl\/faq-zwroty-i-anulowanie\/","name":"FAQ Zwroty i anulowanie - Verenfabriek Tevema","isPartOf":{"@id":"https:\/\/www.tevema.com\/pl\/#website"},"datePublished":"2024-06-23T18:09:19+00:00","dateModified":"2024-07-03T09:27:52+00:00","breadcrumb":{"@id":"https:\/\/www.tevema.com\/pl\/faq-zwroty-i-anulowanie\/#breadcrumb"},"inLanguage":"pl-PL","potentialAction":[{"@type":"ReadAction","target":["https:\/\/www.tevema.com\/pl\/faq-zwroty-i-anulowanie\/"]}]},{"@type":"BreadcrumbList","@id":"https:\/\/www.tevema.com\/pl\/faq-zwroty-i-anulowanie\/#breadcrumb","itemListElement":[{"@type":"ListItem","position":1,"name":"Home","item":"https:\/\/www.tevema.com\/pl\/"},{"@type":"ListItem","position":2,"name":"FAQ Zwroty i anulowanie"}]},{"@type":"WebSite","@id":"https:\/\/www.tevema.com\/pl\/#website","url":"https:\/\/www.tevema.com\/pl\/","name":"Verenfabriek Tevema","description":"","potentialAction":[{"@type":"SearchAction","target":{"@type":"EntryPoint","urlTemplate":"https:\/\/www.tevema.com\/pl\/?s={search_term_string}"},"query-input":{"@type":"PropertyValueSpecification","valueRequired":true,"valueName":"search_term_string"}}],"inLanguage":"pl-PL"}]}},"_links":{"self":[{"href":"https:\/\/www.tevema.com\/pl\/wp-json\/wp\/v2\/pages\/42372","targetHints":{"allow":["GET"]}}],"collection":[{"href":"https:\/\/www.tevema.com\/pl\/wp-json\/wp\/v2\/pages"}],"about":[{"href":"https:\/\/www.tevema.com\/pl\/wp-json\/wp\/v2\/types\/page"}],"author":[{"embeddable":true,"href":"https:\/\/www.tevema.com\/pl\/wp-json\/wp\/v2\/users\/5"}],"replies":[{"embeddable":true,"href":"https:\/\/www.tevema.com\/pl\/wp-json\/wp\/v2\/comments?post=42372"}],"version-history":[{"count":2,"href":"https:\/\/www.tevema.com\/pl\/wp-json\/wp\/v2\/pages\/42372\/revisions"}],"predecessor-version":[{"id":42375,"href":"https:\/\/www.tevema.com\/pl\/wp-json\/wp\/v2\/pages\/42372\/revisions\/42375"}],"wp:attachment":[{"href":"https:\/\/www.tevema.com\/pl\/wp-json\/wp\/v2\/media?parent=42372"}],"curies":[{"name":"wp","href":"https:\/\/api.w.org\/{rel}","templated":true}]}}